{"id":485,"date":"2017-02-28T15:27:58","date_gmt":"2017-02-28T15:27:58","guid":{"rendered":"https:\/\/unfilm.org\/?page_id=485"},"modified":"2025-06-27T17:42:14","modified_gmt":"2025-06-27T17:42:14","slug":"accueil","status":"publish","type":"page","link":"https:\/\/unfilm.org\/","title":{"rendered":"ACCUEIL"},"content":{"rendered":"<blockquote>\n<h2><strong>ATENTION CE SITE CE SITE EST UN PEU VIEUX&#8230;certaines vid\u00e9os ne voudront pas se lancer, arthrose?\u00a0 Merci de passer \u00e0 la suivante \ud83d\ude42<\/strong><\/h2>\n<\/blockquote>\n<h2><em>Bonjour !<\/em><\/h2>\n<p>&nbsp;<\/p>\n<p><em>Toulouse , en 2000\/2001 lors des \u00e9lections municipales,je filme\u00a0 pendant un an cette campagne \u00e9lectorale vu de deux c\u00f4t\u00e9s\u00a0; la liste Motiv\u00e9-e-s qui obtiendra 4 si\u00e8ges, et la liste 100% \u00e0 gauche, port\u00e9e par la\u00a0 Ligue Communiste R\u00e9volutionnaire qui n&rsquo;obtiendra rien\u2026<\/em><\/p>\n<p><em>Pendant le tournage je mets en ligne <a href=\"https:\/\/unfilm.org\/?cat=11\" target=\"_blank\" rel=\"noopener\">un journal<\/a> ,esp\u00e8ce de blog qui s&rsquo;ignore\u2026<\/em><\/p>\n<p><em>Ceux et celles que j&rsquo;ai film\u00e9 pourront en m\u00eame temps lire mes \u00ab\u00a0r\u00e9flexions\u00a0\u00bb \u2026.<\/em><\/p>\n<p><em>Je vais tourner une centaine d&rsquo;heure\u2026 La vie fera que ce n&rsquo;est que depuis quelques mois, que\u00a0 je m&rsquo;attaque au montage d\u00e9finitif, pour en faire un genre de web-documentaire&#8230; Du jamais vu de par sa longueur, sa rugosit\u00e9, et plein d&rsquo;autres choses&#8230;<br \/>\n<\/em><\/p>\n<p><em>Le web documentaire est structur\u00e9 un peu comme une s\u00e9rie avec des saisons et des \u00e9pisodes\u2026<\/em><\/p>\n<p><em>C&rsquo;est trop long ? Vous n&rsquo;avez pas le temps ? Pourtant quand vous regardez des s\u00e9ries, vous avez le temps non? alors&#8230; hein ! \ud83d\ude42 \ud83d\ude42<\/em><\/p>\n<p><em>Ceci n&rsquo;est qu&rsquo;une forme provisoire, lorsque j&rsquo;aurais tout mis en ligne, je compte bien travailler toutes ces questions..<\/em><\/p>\n<h2><em>Au 18\/12\/2017\u00a0 Toutes les\u00a0 saisons sont en ligne&#8230; (\u00e7a c&rsquo;est fait !)<\/em><img decoding=\"async\" src=\"https:\/\/unfilm.org\/wp-content\/plugins\/advanced-wp-columns\/assets\/js\/plugins\/views\/img\/1x1-pixel.png\" \/><\/h2>\n<div class=\"csRow\">\n<div style=\"clear: both; float: none; display: block; visibility: hidden; width: 0px; font-size: 0px; line-height: 0;\"><\/div>\n<\/div>\n<h2><em><a href=\"https:\/\/unfilm.org\/?cat=11\"><img loading=\"lazy\" decoding=\"async\" class=\"size-medium wp-image-489 alignleft\" src=\"https:\/\/unfilm.org\/wp-content\/uploads\/2017\/02\/journal2-300x183.jpg\" alt=\"\" width=\"300\" height=\"183\" srcset=\"https:\/\/unfilm.org\/wp-content\/uploads\/2017\/02\/journal2-300x183.jpg 300w, https:\/\/unfilm.org\/wp-content\/uploads\/2017\/02\/journal2.jpg 460w\" sizes=\"auto, (max-width: 300px) 100vw, 300px\" \/><\/a>&#8230;. et le journal &#8230;<\/em><\/h2>\n<p>&nbsp;<\/p>\n<h2><em>Il y aura une suite \u00e0 tout \u00e7a, c&rsquo;est juste une \u00e9bauche, pour savoir la suite , vous pouvez aller voir sur <a href=\"http:\/\/blog.unfilm.org\" target=\"_blank\" rel=\"noopener\">le blog<\/a> ou <a href=\"https:\/\/unfilm.org\/?page_id=285\">me laisser vos coordonn\u00e9es pour que je vous avertisse!<\/a><\/em><\/h2>\n<p>&nbsp;<\/p>\n","protected":false},"excerpt":{"rendered":"<p>ATENTION CE SITE CE SITE EST UN PEU VIEUX&#8230;certaines vid\u00e9os ne voudront pas se lancer, arthrose?\u00a0 Merci de passer \u00e0 la suivante \ud83d\ude42 Bonjour ! &nbsp; Toulouse , en 2000\/2001 lors des \u00e9lections municipales,je filme\u00a0 pendant un an cette campagne<\/p>\n","protected":false},"author":1,"featured_media":0,"parent":0,"menu_order":0,"comment_status":"closed","ping_status":"closed","template":"","meta":{"footnotes":""},"class_list":["post-485","page","type-page","status-publish","hentry"],"_links":{"self":[{"href":"https:\/\/unfilm.org\/index.php?rest_route=\/wp\/v2\/pages\/485","targetHints":{"allow":["GET"]}}],"collection":[{"href":"https:\/\/unfilm.org\/index.php?rest_route=\/wp\/v2\/pages"}],"about":[{"href":"https:\/\/unfilm.org\/index.php?rest_route=\/wp\/v2\/types\/page"}],"author":[{"embeddable":true,"href":"https:\/\/unfilm.org\/index.php?rest_route=\/wp\/v2\/users\/1"}],"replies":[{"embeddable":true,"href":"https:\/\/unfilm.org\/index.php?rest_route=%2Fwp%2Fv2%2Fcomments&post=485"}],"version-history":[{"count":42,"href":"https:\/\/unfilm.org\/index.php?rest_route=\/wp\/v2\/pages\/485\/revisions"}],"predecessor-version":[{"id":1393,"href":"https:\/\/unfilm.org\/index.php?rest_route=\/wp\/v2\/pages\/485\/revisions\/1393"}],"wp:attachment":[{"href":"https:\/\/unfilm.org\/index.php?rest_route=%2Fwp%2Fv2%2Fmedia&parent=485"}],"curies":[{"name":"wp","href":"https:\/\/api.w.org\/{rel}","templated":true}]}}